{"id":10,"date":"2023-09-17T18:48:22","date_gmt":"2023-09-17T18:48:22","guid":{"rendered":"https:\/\/rita.absites.pt\/?page_id=10"},"modified":"2025-08-28T16:02:41","modified_gmt":"2025-08-28T16:02:41","slug":"inicio","status":"publish","type":"page","link":"https:\/\/rita.absites.pt\/en\/","title":{"rendered":"In\u00edcio"},"content":{"rendered":"<div data-elementor-type=\"wp-page\" data-elementor-id=\"10\" class=\"elementor elementor-10\">\n\t\t\t\t<div class=\"elementor-element elementor-element-dede9ea e-flex e-con-boxed e-con e-parent\" data-id=\"dede9ea\" data-element_type=\"container\" data-e-type=\"container\">\n\t\t\t\t\t<div class=\"e-con-inner\">\n\t\t\t\t<div class=\"elementor-element elementor-element-6fc8a47 elementor-widget elementor-widget-image\" data-id=\"6fc8a47\" data-element_type=\"widget\" data-e-type=\"widget\" data-widget_type=\"image.default\">\n\t\t\t\t<div class=\"elementor-widget-container\">\n\t\t\t\t\t\t\t\t\t\t\t\t\t\t\t<img decoding=\"async\" src=\"https:\/\/rita.absites.pt\/wp-content\/uploads\/elementor\/thumbs\/Rita-Site-rajee4cw5f0ng7pqiq4rlahypepyl7rnm4kh0eq8kw.webp\" title=\"Rita Site\" alt=\"Rita Site\" loading=\"lazy\" \/>\t\t\t\t\t\t\t\t\t\t\t\t\t\t\t<\/div>\n\t\t\t\t<\/div>\n\t\t\t\t<div class=\"elementor-element elementor-element-3119d58 elementor-widget elementor-widget-spacer\" data-id=\"3119d58\" data-element_type=\"widget\" data-e-type=\"widget\" data-widget_type=\"spacer.default\">\n\t\t\t\t<div class=\"elementor-widget-container\">\n\t\t\t\t\t\t\t<div class=\"elementor-spacer\">\n\t\t\t<div class=\"elementor-spacer-inner\"><\/div>\n\t\t<\/div>\n\t\t\t\t\t\t<\/div>\n\t\t\t\t<\/div>\n\t\t\t\t<div class=\"elementor-element elementor-element-ec9987c elementor-widget__width-initial elementor-widget elementor-widget-text-editor\" data-id=\"ec9987c\" data-element_type=\"widget\" data-e-type=\"widget\" data-widget_type=\"text-editor.default\">\n\t\t\t\t<div class=\"elementor-widget-container\">\n\t\t\t\t\t\t\t\t\t<p>Psic\u00f3loga Cl\u00ednica e da Sa\u00fade, com especializa\u00e7\u00e3o em Psicologia Perinatal e Conselheira em Aleitamento Materno.<\/p><p>A minha grande paix\u00e3o \u00e9 acompanhar as fam\u00edlias, desde a gravidez at\u00e9 ao per\u00edodo do p\u00f3s-parto, no sentindo de melhor orientar para uma parentalidade mais leve, consciente e plena.<\/p><p>Sou m\u00e3e de dois beb\u00e9s, o que me fez\/faz viver de perto todas as transforma\u00e7\u00f5es relacionais, pelas quais os elementos do agregado familiar passam com a chegada de um beb\u00e9 &#8211; agu\u00e7ando ainda mais a minha curiosidade em perceber esta rede complexa de emo\u00e7\u00f5es.<\/p><p>Para trabalhar sono infantil \u00e9 necess\u00e1rio falar sobre emo\u00e7\u00f5es e, neste sentido, ajudo as fam\u00edlias \u00a0a compreenderem o sono dos seus beb\u00e9s sem nunca esquecer a componente emocional que envolve cada situa\u00e7\u00e3o em espec\u00edfico.<\/p>\t\t\t\t\t\t\t\t<\/div>\n\t\t\t\t<\/div>\n\t\t\t\t\t<\/div>\n\t\t\t\t<\/div>\n\t\t\t\t<\/div>","protected":false},"excerpt":{"rendered":"<p>Psic\u00f3loga Cl\u00ednica e da Sa\u00fade, com especializa\u00e7\u00e3o em Psicologia Perinatal e Conselheira em Aleitamento Materno. A minha grande paix\u00e3o \u00e9 acompanhar as fam\u00edlias, desde a gravidez at\u00e9 ao per\u00edodo do p\u00f3s-parto, no sentindo de melhor orientar para uma parentalidade mais leve, consciente e plena. Sou m\u00e3e de dois beb\u00e9s, o que me fez\/faz viver de [&hellip;]<\/p>\n","protected":false},"author":1,"featured_media":0,"parent":0,"menu_order":0,"comment_status":"closed","ping_status":"closed","template":"elementor_header_footer","meta":{"footnotes":""},"class_list":["post-10","page","type-page","status-publish","hentry"],"_links":{"self":[{"href":"https:\/\/rita.absites.pt\/en\/wp-json\/wp\/v2\/pages\/10","targetHints":{"allow":["GET"]}}],"collection":[{"href":"https:\/\/rita.absites.pt\/en\/wp-json\/wp\/v2\/pages"}],"about":[{"href":"https:\/\/rita.absites.pt\/en\/wp-json\/wp\/v2\/types\/page"}],"author":[{"embeddable":true,"href":"https:\/\/rita.absites.pt\/en\/wp-json\/wp\/v2\/users\/1"}],"replies":[{"embeddable":true,"href":"https:\/\/rita.absites.pt\/en\/wp-json\/wp\/v2\/comments?post=10"}],"version-history":[{"count":8,"href":"https:\/\/rita.absites.pt\/en\/wp-json\/wp\/v2\/pages\/10\/revisions"}],"predecessor-version":[{"id":389,"href":"https:\/\/rita.absites.pt\/en\/wp-json\/wp\/v2\/pages\/10\/revisions\/389"}],"wp:attachment":[{"href":"https:\/\/rita.absites.pt\/en\/wp-json\/wp\/v2\/media?parent=10"}],"curies":[{"name":"wp","href":"https:\/\/api.w.org\/{rel}","templated":true}]}}