{"id":339,"date":"2025-08-20T13:29:59","date_gmt":"2025-08-20T13:29:59","guid":{"rendered":"https:\/\/rita.absites.pt\/?page_id=339"},"modified":"2025-08-28T16:34:23","modified_gmt":"2025-08-28T16:34:23","slug":"consultas","status":"publish","type":"page","link":"https:\/\/rita.absites.pt\/en\/consultas\/","title":{"rendered":"Consultas"},"content":{"rendered":"<div data-elementor-type=\"wp-page\" data-elementor-id=\"339\" class=\"elementor elementor-339\">\n\t\t\t\t<div class=\"elementor-element elementor-element-b54bf26 e-flex e-con-boxed e-con e-parent\" data-id=\"b54bf26\" data-element_type=\"container\" data-e-type=\"container\">\n\t\t\t\t\t<div class=\"e-con-inner\">\n\t\t\t\t<div class=\"elementor-element elementor-element-32f636b elementor-widget elementor-widget-image\" data-id=\"32f636b\" data-element_type=\"widget\" data-e-type=\"widget\" data-widget_type=\"image.default\">\n\t\t\t\t<div class=\"elementor-widget-container\">\n\t\t\t\t\t\t\t\t\t\t\t\t\t\t\t<img fetchpriority=\"high\" decoding=\"async\" width=\"1000\" height=\"370\" src=\"https:\/\/rita.absites.pt\/wp-content\/uploads\/2025\/08\/consultas-1-1.webp\" class=\"attachment-full size-full wp-image-405\" alt=\"\" srcset=\"https:\/\/rita.absites.pt\/wp-content\/uploads\/2025\/08\/consultas-1-1.webp 1000w, https:\/\/rita.absites.pt\/wp-content\/uploads\/2025\/08\/consultas-1-1-300x111.webp 300w, https:\/\/rita.absites.pt\/wp-content\/uploads\/2025\/08\/consultas-1-1-768x284.webp 768w, https:\/\/rita.absites.pt\/wp-content\/uploads\/2025\/08\/consultas-1-1-18x7.webp 18w, https:\/\/rita.absites.pt\/wp-content\/uploads\/2025\/08\/consultas-1-1-600x222.webp 600w\" sizes=\"(max-width: 1000px) 100vw, 1000px\" \/>\t\t\t\t\t\t\t\t\t\t\t\t\t\t\t<\/div>\n\t\t\t\t<\/div>\n\t\t\t\t<div class=\"elementor-element elementor-element-d2c9bd9 elementor-widget elementor-widget-spacer\" data-id=\"d2c9bd9\" data-element_type=\"widget\" data-e-type=\"widget\" data-widget_type=\"spacer.default\">\n\t\t\t\t<div class=\"elementor-widget-container\">\n\t\t\t\t\t\t\t<div class=\"elementor-spacer\">\n\t\t\t<div class=\"elementor-spacer-inner\"><\/div>\n\t\t<\/div>\n\t\t\t\t\t\t<\/div>\n\t\t\t\t<\/div>\n\t\t<div class=\"elementor-element elementor-element-d4fb8d6 e-con-full e-flex e-con e-child\" data-id=\"d4fb8d6\" data-element_type=\"container\" data-e-type=\"container\">\n\t\t<div class=\"elementor-element elementor-element-17a54ed e-con-full e-flex e-con e-child\" data-id=\"17a54ed\" data-element_type=\"container\" data-e-type=\"container\">\n\t\t\t\t<div class=\"elementor-element elementor-element-33e36f6 elementor-widget elementor-widget-heading\" data-id=\"33e36f6\" data-element_type=\"widget\" data-e-type=\"widget\" data-widget_type=\"heading.default\">\n\t\t\t\t<div class=\"elementor-widget-container\">\n\t\t\t\t\t<h1 class=\"elementor-heading-title elementor-size-default\">Psicologia Cl\u00ednica e da Sa\u00fade\n<\/h1>\t\t\t\t<\/div>\n\t\t\t\t<\/div>\n\t\t\t\t<div class=\"elementor-element elementor-element-aeb67d5 elementor-widget elementor-widget-text-editor\" data-id=\"aeb67d5\" data-element_type=\"widget\" data-e-type=\"widget\" data-widget_type=\"text-editor.default\">\n\t\t\t\t<div class=\"elementor-widget-container\">\n\t\t\t\t\t\t\t\t\t<p><em>Acompanhamento de crian\u00e7as, adolescentes e adultos.<\/em><\/p>\t\t\t\t\t\t\t\t<\/div>\n\t\t\t\t<\/div>\n\t\t\t\t<\/div>\n\t\t<div class=\"elementor-element elementor-element-d4d2c2d e-con-full e-flex e-con e-child\" data-id=\"d4d2c2d\" data-element_type=\"container\" data-e-type=\"container\">\n\t\t\t\t<div class=\"elementor-element elementor-element-9dadd14 elementor-widget elementor-widget-text-editor\" data-id=\"9dadd14\" data-element_type=\"widget\" data-e-type=\"widget\" data-widget_type=\"text-editor.default\">\n\t\t\t\t<div class=\"elementor-widget-container\">\n\t\t\t\t\t\t\t\t\t<p>A psicologia cl\u00ednica e da sa\u00fade desempenha um papel essencial no cuidado e bem-estar das pessoas e fam\u00edlias, uma vez que promove processos terap\u00eauticos adequados e individualizados, por forma a melhorar a qualidade de vida e facilitar a adapta\u00e7\u00e3o \u00e0 mudan\u00e7a.<\/p>\t\t\t\t\t\t\t\t<\/div>\n\t\t\t\t<\/div>\n\t\t\t\t<div class=\"elementor-element elementor-element-17780ae elementor-align-right elementor-mobile-align-left elementor-widget elementor-widget-button\" data-id=\"17780ae\" data-element_type=\"widget\" data-e-type=\"widget\" data-widget_type=\"button.default\">\n\t\t\t\t<div class=\"elementor-widget-container\">\n\t\t\t\t\t\t\t\t\t<div class=\"elementor-button-wrapper\">\n\t\t\t\t\t<a class=\"elementor-button elementor-button-link elementor-size-sm\" href=\"https:\/\/rita.absites.pt\/en\/agenda\/\">\n\t\t\t\t\t\t<span class=\"elementor-button-content-wrapper\">\n\t\t\t\t\t\t\t\t\t<span class=\"elementor-button-text\">Agenda<\/span>\n\t\t\t\t\t<\/span>\n\t\t\t\t\t<\/a>\n\t\t\t\t<\/div>\n\t\t\t\t\t\t\t\t<\/div>\n\t\t\t\t<\/div>\n\t\t\t\t<\/div>\n\t\t\t\t<\/div>\n\t\t\t\t<div class=\"elementor-element elementor-element-2f4c2ee elementor-widget elementor-widget-spacer\" data-id=\"2f4c2ee\" data-element_type=\"widget\" data-e-type=\"widget\" data-widget_type=\"spacer.default\">\n\t\t\t\t<div class=\"elementor-widget-container\">\n\t\t\t\t\t\t\t<div class=\"elementor-spacer\">\n\t\t\t<div class=\"elementor-spacer-inner\"><\/div>\n\t\t<\/div>\n\t\t\t\t\t\t<\/div>\n\t\t\t\t<\/div>\n\t\t<div class=\"elementor-element elementor-element-7ff43f2 e-con-full e-flex e-con e-child\" data-id=\"7ff43f2\" data-element_type=\"container\" data-e-type=\"container\">\n\t\t<div class=\"elementor-element elementor-element-5953fa9 e-con-full e-flex e-con e-child\" data-id=\"5953fa9\" data-element_type=\"container\" data-e-type=\"container\">\n\t\t\t\t<div class=\"elementor-element elementor-element-e61ed9a elementor-widget elementor-widget-image\" data-id=\"e61ed9a\" data-element_type=\"widget\" data-e-type=\"widget\" data-widget_type=\"image.default\">\n\t\t\t\t<div class=\"elementor-widget-container\">\n\t\t\t\t\t\t\t\t\t\t\t\t\t\t\t<img decoding=\"async\" width=\"800\" height=\"800\" src=\"https:\/\/rita.absites.pt\/wp-content\/uploads\/2025\/08\/consultas-2-1024x1024.webp\" class=\"attachment-large size-large wp-image-400\" alt=\"\" srcset=\"https:\/\/rita.absites.pt\/wp-content\/uploads\/2025\/08\/consultas-2-1024x1024.webp 1024w, https:\/\/rita.absites.pt\/wp-content\/uploads\/2025\/08\/consultas-2-300x300.webp 300w, https:\/\/rita.absites.pt\/wp-content\/uploads\/2025\/08\/consultas-2-150x150.webp 150w, https:\/\/rita.absites.pt\/wp-content\/uploads\/2025\/08\/consultas-2-768x768.webp 768w, https:\/\/rita.absites.pt\/wp-content\/uploads\/2025\/08\/consultas-2-12x12.webp 12w, https:\/\/rita.absites.pt\/wp-content\/uploads\/2025\/08\/consultas-2-600x600.webp 600w, https:\/\/rita.absites.pt\/wp-content\/uploads\/2025\/08\/consultas-2-100x100.webp 100w, https:\/\/rita.absites.pt\/wp-content\/uploads\/2025\/08\/consultas-2.webp 1080w\" sizes=\"(max-width: 800px) 100vw, 800px\" \/>\t\t\t\t\t\t\t\t\t\t\t\t\t\t\t<\/div>\n\t\t\t\t<\/div>\n\t\t\t\t<\/div>\n\t\t<div class=\"elementor-element elementor-element-e10a9b0 e-con-full e-flex e-con e-child\" data-id=\"e10a9b0\" data-element_type=\"container\" data-e-type=\"container\">\n\t\t\t\t<div class=\"elementor-element elementor-element-e9b3edd elementor-widget elementor-widget-heading\" data-id=\"e9b3edd\" data-element_type=\"widget\" data-e-type=\"widget\" data-widget_type=\"heading.default\">\n\t\t\t\t<div class=\"elementor-widget-container\">\n\t\t\t\t\t<h2 class=\"elementor-heading-title elementor-size-default\">Psicologia Perinatal\n<\/h2>\t\t\t\t<\/div>\n\t\t\t\t<\/div>\n\t\t\t\t<div class=\"elementor-element elementor-element-ba6fcd3 elementor-widget elementor-widget-text-editor\" data-id=\"ba6fcd3\" data-element_type=\"widget\" data-e-type=\"widget\" data-widget_type=\"text-editor.default\">\n\t\t\t\t<div class=\"elementor-widget-container\">\n\t\t\t\t\t\t\t\t\t<p id=\"wnd_TextBlock_135106567_inner_1\" data-wnd_is_separable=\"1\" data-wnd_separable_index=\"1\" data-wnd_separable_id=\"wnd_TextBlock_135106567\">A psicologia perinatal \u00e9 uma \u00e1rea da psicologia que se dedica ao estudo, acompanhamento e apoio psicol\u00f3gico de mulheres e fam\u00edlias durante o per\u00edodo da gesta\u00e7\u00e3o, parto e p\u00f3s-parto.<\/p><p id=\"wnd_TextBlock_135106567_inner_2\" data-wnd_is_separable=\"1\" data-wnd_separable_index=\"2\" data-wnd_separable_id=\"wnd_TextBlock_135106567\">\u00c9\u00e9 uma \u00e1rea da psicologia que se dedica ao estudo, acompanhamento e apoio psicol\u00f3gico de mulheres e fam\u00edlias durante o per\u00edodo da gesta\u00e7\u00e3o, parto e p\u00f3s-parto.\u00a0<\/p><p id=\"wnd_TextBlock_135106567_inner_3\" data-wnd_is_separable=\"1\" data-wnd_separable_index=\"3\" data-wnd_separable_id=\"wnd_TextBlock_135106567\">Procura-se entender as experi\u00eancias emocionais, psicol\u00f3gicas e comportamentais relacionadas \u00e0 maternidade, paternidade e o impacto que o processo de gesta\u00e7\u00e3o e o nascimento de um filho podem ter na sa\u00fade mental dos pais<\/p>\t\t\t\t\t\t\t\t<\/div>\n\t\t\t\t<\/div>\n\t\t\t\t<div class=\"elementor-element elementor-element-1a69a28 elementor-align-right elementor-mobile-align-left elementor-widget elementor-widget-button\" data-id=\"1a69a28\" data-element_type=\"widget\" data-e-type=\"widget\" data-widget_type=\"button.default\">\n\t\t\t\t<div class=\"elementor-widget-container\">\n\t\t\t\t\t\t\t\t\t<div class=\"elementor-button-wrapper\">\n\t\t\t\t\t<a class=\"elementor-button elementor-button-link elementor-size-sm\" href=\"https:\/\/rita.absites.pt\/en\/agenda\/\">\n\t\t\t\t\t\t<span class=\"elementor-button-content-wrapper\">\n\t\t\t\t\t\t\t\t\t<span class=\"elementor-button-text\">Agenda<\/span>\n\t\t\t\t\t<\/span>\n\t\t\t\t\t<\/a>\n\t\t\t\t<\/div>\n\t\t\t\t\t\t\t\t<\/div>\n\t\t\t\t<\/div>\n\t\t\t\t<\/div>\n\t\t\t\t<\/div>\n\t\t\t\t<div class=\"elementor-element elementor-element-3521158 elementor-widget elementor-widget-spacer\" data-id=\"3521158\" data-element_type=\"widget\" data-e-type=\"widget\" data-widget_type=\"spacer.default\">\n\t\t\t\t<div class=\"elementor-widget-container\">\n\t\t\t\t\t\t\t<div class=\"elementor-spacer\">\n\t\t\t<div class=\"elementor-spacer-inner\"><\/div>\n\t\t<\/div>\n\t\t\t\t\t\t<\/div>\n\t\t\t\t<\/div>\n\t\t<div class=\"elementor-element elementor-element-f60de05 e-con-full e-flex e-con e-child\" data-id=\"f60de05\" data-element_type=\"container\" data-e-type=\"container\">\n\t\t<div class=\"elementor-element elementor-element-5f58a74 e-con-full e-flex e-con e-child\" data-id=\"5f58a74\" data-element_type=\"container\" data-e-type=\"container\">\n\t\t\t\t<div class=\"elementor-element elementor-element-16cbd43 elementor-widget elementor-widget-heading\" data-id=\"16cbd43\" data-element_type=\"widget\" data-e-type=\"widget\" data-widget_type=\"heading.default\">\n\t\t\t\t<div class=\"elementor-widget-container\">\n\t\t\t\t\t<h2 class=\"elementor-heading-title elementor-size-default\">Sono do Beb\u00e9\n<\/h2>\t\t\t\t<\/div>\n\t\t\t\t<\/div>\n\t\t\t\t<div class=\"elementor-element elementor-element-f668444 elementor-widget elementor-widget-text-editor\" data-id=\"f668444\" data-element_type=\"widget\" data-e-type=\"widget\" data-widget_type=\"text-editor.default\">\n\t\t\t\t<div class=\"elementor-widget-container\">\n\t\t\t\t\t\t\t\t\t<p>Falar sono \u00e9 falar sobre emo\u00e7\u00f5es. Quando um beb\u00e9 tem dificuldade com o sono, ou quando as expectativas da fam\u00edlia s\u00e3o desajustadas, podemos estar perante pais\/cuidadores pouco resilientes, frustrados e com n\u00edveis de cansa\u00e7o extremamente elevados, n\u00e3o permitindo que vivam em pleno a parentalidade.<\/p><p>Na consulta de sono infantil al\u00e9m de perceber os h\u00e1bitos de sono da crian\u00e7a, tento entender com os pais quais s\u00e3o as suas expectativas e orienta-los para a real capacidade do seu beb\u00e9 dormir.<\/p><p>O sono \u00e9 uma parte essencial do desenvolvimento infantil, influenciando tanto o bem-estar f\u00edsico quanto o emocional, de todos!\u00a0<\/p>\t\t\t\t\t\t\t\t<\/div>\n\t\t\t\t<\/div>\n\t\t\t\t<div class=\"elementor-element elementor-element-53a8f36 elementor-align-right elementor-widget elementor-widget-button\" data-id=\"53a8f36\" data-element_type=\"widget\" data-e-type=\"widget\" data-widget_type=\"button.default\">\n\t\t\t\t<div class=\"elementor-widget-container\">\n\t\t\t\t\t\t\t\t\t<div class=\"elementor-button-wrapper\">\n\t\t\t\t\t<a class=\"elementor-button elementor-button-link elementor-size-sm\" href=\"https:\/\/rita.absites.pt\/en\/agenda\/\">\n\t\t\t\t\t\t<span class=\"elementor-button-content-wrapper\">\n\t\t\t\t\t\t\t\t\t<span class=\"elementor-button-text\">Agenda<\/span>\n\t\t\t\t\t<\/span>\n\t\t\t\t\t<\/a>\n\t\t\t\t<\/div>\n\t\t\t\t\t\t\t\t<\/div>\n\t\t\t\t<\/div>\n\t\t\t\t<\/div>\n\t\t<div class=\"elementor-element elementor-element-c5b9f6a e-con-full e-flex e-con e-child\" data-id=\"c5b9f6a\" data-element_type=\"container\" data-e-type=\"container\">\n\t\t\t\t<div class=\"elementor-element elementor-element-ce4874c elementor-widget elementor-widget-image\" data-id=\"ce4874c\" data-element_type=\"widget\" data-e-type=\"widget\" data-widget_type=\"image.default\">\n\t\t\t\t<div class=\"elementor-widget-container\">\n\t\t\t\t\t\t\t\t\t\t\t\t\t\t\t<img decoding=\"async\" width=\"800\" height=\"800\" src=\"https:\/\/rita.absites.pt\/wp-content\/uploads\/2025\/08\/consultas3-1024x1024.webp\" class=\"attachment-large size-large wp-image-399\" alt=\"\" srcset=\"https:\/\/rita.absites.pt\/wp-content\/uploads\/2025\/08\/consultas3-1024x1024.webp 1024w, https:\/\/rita.absites.pt\/wp-content\/uploads\/2025\/08\/consultas3-300x300.webp 300w, https:\/\/rita.absites.pt\/wp-content\/uploads\/2025\/08\/consultas3-150x150.webp 150w, https:\/\/rita.absites.pt\/wp-content\/uploads\/2025\/08\/consultas3-768x768.webp 768w, https:\/\/rita.absites.pt\/wp-content\/uploads\/2025\/08\/consultas3-12x12.webp 12w, https:\/\/rita.absites.pt\/wp-content\/uploads\/2025\/08\/consultas3-600x600.webp 600w, https:\/\/rita.absites.pt\/wp-content\/uploads\/2025\/08\/consultas3-100x100.webp 100w, https:\/\/rita.absites.pt\/wp-content\/uploads\/2025\/08\/consultas3.webp 1080w\" sizes=\"(max-width: 800px) 100vw, 800px\" \/>\t\t\t\t\t\t\t\t\t\t\t\t\t\t\t<\/div>\n\t\t\t\t<\/div>\n\t\t\t\t<\/div>\n\t\t\t\t<\/div>\n\t\t\t\t\t<\/div>\n\t\t\t\t<\/div>\n\t\t\t\t<\/div>","protected":false},"excerpt":{"rendered":"<p>Psicologia Cl\u00ednica e da Sa\u00fade Acompanhamento de crian\u00e7as, adolescentes e adultos. A psicologia cl\u00ednica e da sa\u00fade desempenha um papel essencial no cuidado e bem-estar das pessoas e fam\u00edlias, uma vez que promove processos terap\u00eauticos adequados e individualizados, por forma a melhorar a qualidade de vida e facilitar a adapta\u00e7\u00e3o \u00e0 mudan\u00e7a. Agenda Psicologia Perinatal [&hellip;]<\/p>\n","protected":false},"author":1,"featured_media":0,"parent":0,"menu_order":0,"comment_status":"closed","ping_status":"closed","template":"elementor_header_footer","meta":{"footnotes":""},"class_list":["post-339","page","type-page","status-publish","hentry"],"_links":{"self":[{"href":"https:\/\/rita.absites.pt\/en\/wp-json\/wp\/v2\/pages\/339","targetHints":{"allow":["GET"]}}],"collection":[{"href":"https:\/\/rita.absites.pt\/en\/wp-json\/wp\/v2\/pages"}],"about":[{"href":"https:\/\/rita.absites.pt\/en\/wp-json\/wp\/v2\/types\/page"}],"author":[{"embeddable":true,"href":"https:\/\/rita.absites.pt\/en\/wp-json\/wp\/v2\/users\/1"}],"replies":[{"embeddable":true,"href":"https:\/\/rita.absites.pt\/en\/wp-json\/wp\/v2\/comments?post=339"}],"version-history":[{"count":13,"href":"https:\/\/rita.absites.pt\/en\/wp-json\/wp\/v2\/pages\/339\/revisions"}],"predecessor-version":[{"id":412,"href":"https:\/\/rita.absites.pt\/en\/wp-json\/wp\/v2\/pages\/339\/revisions\/412"}],"wp:attachment":[{"href":"https:\/\/rita.absites.pt\/en\/wp-json\/wp\/v2\/media?parent=339"}],"curies":[{"name":"wp","href":"https:\/\/api.w.org\/{rel}","templated":true}]}}