{"id":341,"date":"2025-08-20T13:30:29","date_gmt":"2025-08-20T13:30:29","guid":{"rendered":"https:\/\/rita.absites.pt\/?page_id=341"},"modified":"2025-08-28T16:42:16","modified_gmt":"2025-08-28T16:42:16","slug":"formacao-certificada","status":"publish","type":"page","link":"https:\/\/rita.absites.pt\/en\/formacao-certificada\/","title":{"rendered":"Forma\u00e7\u00e3o Certificada"},"content":{"rendered":"<div data-elementor-type=\"wp-page\" data-elementor-id=\"341\" class=\"elementor elementor-341\">\n\t\t\t\t<div class=\"elementor-element elementor-element-4dfd919 e-flex e-con-boxed e-con e-parent\" data-id=\"4dfd919\" data-element_type=\"container\" data-e-type=\"container\">\n\t\t\t\t\t<div class=\"e-con-inner\">\n\t\t\t\t<div class=\"elementor-element elementor-element-0b72ae0 elementor-widget elementor-widget-heading\" data-id=\"0b72ae0\" data-element_type=\"widget\" data-e-type=\"widget\" data-widget_type=\"heading.default\">\n\t\t\t\t<div class=\"elementor-widget-container\">\n\t\t\t\t\t<h1 class=\"elementor-heading-title elementor-size-default\">Forma\u00e7\u00e3o Certificada\n<\/h1>\t\t\t\t<\/div>\n\t\t\t\t<\/div>\n\t\t<div class=\"elementor-element elementor-element-34385cf e-con-full e-flex e-con e-child\" data-id=\"34385cf\" data-element_type=\"container\" data-e-type=\"container\">\n\t\t<div class=\"elementor-element elementor-element-eab38a6 e-con-full e-flex e-con e-child\" data-id=\"eab38a6\" data-element_type=\"container\" data-e-type=\"container\">\n\t\t\t\t<div class=\"elementor-element elementor-element-365a5f2 elementor-widget elementor-widget-image\" data-id=\"365a5f2\" data-element_type=\"widget\" data-e-type=\"widget\" data-widget_type=\"image.default\">\n\t\t\t\t<div class=\"elementor-widget-container\">\n\t\t\t\t\t\t\t\t\t\t\t\t\t\t\t<img fetchpriority=\"high\" decoding=\"async\" width=\"800\" height=\"800\" src=\"https:\/\/rita.absites.pt\/wp-content\/uploads\/2025\/08\/formacao-1-1024x1024.webp\" class=\"attachment-large size-large wp-image-398\" alt=\"\" srcset=\"https:\/\/rita.absites.pt\/wp-content\/uploads\/2025\/08\/formacao-1-1024x1024.webp 1024w, https:\/\/rita.absites.pt\/wp-content\/uploads\/2025\/08\/formacao-1-300x300.webp 300w, https:\/\/rita.absites.pt\/wp-content\/uploads\/2025\/08\/formacao-1-150x150.webp 150w, https:\/\/rita.absites.pt\/wp-content\/uploads\/2025\/08\/formacao-1-768x768.webp 768w, https:\/\/rita.absites.pt\/wp-content\/uploads\/2025\/08\/formacao-1-12x12.webp 12w, https:\/\/rita.absites.pt\/wp-content\/uploads\/2025\/08\/formacao-1-600x600.webp 600w, https:\/\/rita.absites.pt\/wp-content\/uploads\/2025\/08\/formacao-1-100x100.webp 100w, https:\/\/rita.absites.pt\/wp-content\/uploads\/2025\/08\/formacao-1.webp 1080w\" sizes=\"(max-width: 800px) 100vw, 800px\" \/>\t\t\t\t\t\t\t\t\t\t\t\t\t\t\t<\/div>\n\t\t\t\t<\/div>\n\t\t\t\t<div class=\"elementor-element elementor-element-b22a12d elementor-align-center elementor-widget elementor-widget-button\" data-id=\"b22a12d\" data-element_type=\"widget\" data-e-type=\"widget\" data-widget_type=\"button.default\">\n\t\t\t\t<div class=\"elementor-widget-container\">\n\t\t\t\t\t\t\t\t\t<div class=\"elementor-button-wrapper\">\n\t\t\t\t\t<a class=\"elementor-button elementor-button-link elementor-size-sm\" href=\"https:\/\/escolapediatria.pt\/curso\/abordagem-avancada-do-sono\/\">\n\t\t\t\t\t\t<span class=\"elementor-button-content-wrapper\">\n\t\t\t\t\t\t\t\t\t<span class=\"elementor-button-text\">Saber mais<\/span>\n\t\t\t\t\t<\/span>\n\t\t\t\t\t<\/a>\n\t\t\t\t<\/div>\n\t\t\t\t\t\t\t\t<\/div>\n\t\t\t\t<\/div>\n\t\t\t\t<div class=\"elementor-element elementor-element-61a27c8 elementor-widget elementor-widget-heading\" data-id=\"61a27c8\" data-element_type=\"widget\" data-e-type=\"widget\" data-widget_type=\"heading.default\">\n\t\t\t\t<div class=\"elementor-widget-container\">\n\t\t\t\t\t<h2 class=\"elementor-heading-title elementor-size-default\">Curso Abordagem Avan\u00e7ada do Sono (Profissionais sa\u00fade)\n<\/h2>\t\t\t\t<\/div>\n\t\t\t\t<\/div>\n\t\t\t\t<\/div>\n\t\t<div class=\"elementor-element elementor-element-f8ac8c1 e-con-full e-flex e-con e-child\" data-id=\"f8ac8c1\" data-element_type=\"container\" data-e-type=\"container\">\n\t\t\t\t<div class=\"elementor-element elementor-element-2ff11d2 elementor-widget elementor-widget-image\" data-id=\"2ff11d2\" data-element_type=\"widget\" data-e-type=\"widget\" data-widget_type=\"image.default\">\n\t\t\t\t<div class=\"elementor-widget-container\">\n\t\t\t\t\t\t\t\t\t\t\t\t\t\t\t<img decoding=\"async\" width=\"800\" height=\"800\" src=\"https:\/\/rita.absites.pt\/wp-content\/uploads\/2025\/08\/formacao-2-1024x1024.webp\" class=\"attachment-large size-large wp-image-397\" alt=\"\" srcset=\"https:\/\/rita.absites.pt\/wp-content\/uploads\/2025\/08\/formacao-2-1024x1024.webp 1024w, https:\/\/rita.absites.pt\/wp-content\/uploads\/2025\/08\/formacao-2-300x300.webp 300w, https:\/\/rita.absites.pt\/wp-content\/uploads\/2025\/08\/formacao-2-150x150.webp 150w, https:\/\/rita.absites.pt\/wp-content\/uploads\/2025\/08\/formacao-2-768x768.webp 768w, https:\/\/rita.absites.pt\/wp-content\/uploads\/2025\/08\/formacao-2-12x12.webp 12w, https:\/\/rita.absites.pt\/wp-content\/uploads\/2025\/08\/formacao-2-600x600.webp 600w, https:\/\/rita.absites.pt\/wp-content\/uploads\/2025\/08\/formacao-2-100x100.webp 100w, https:\/\/rita.absites.pt\/wp-content\/uploads\/2025\/08\/formacao-2.webp 1080w\" sizes=\"(max-width: 800px) 100vw, 800px\" \/>\t\t\t\t\t\t\t\t\t\t\t\t\t\t\t<\/div>\n\t\t\t\t<\/div>\n\t\t\t\t<div class=\"elementor-element elementor-element-68599b7 elementor-align-center elementor-widget elementor-widget-button\" data-id=\"68599b7\" data-element_type=\"widget\" data-e-type=\"widget\" data-widget_type=\"button.default\">\n\t\t\t\t<div class=\"elementor-widget-container\">\n\t\t\t\t\t\t\t\t\t<div class=\"elementor-button-wrapper\">\n\t\t\t\t\t<a class=\"elementor-button elementor-button-link elementor-size-sm\" href=\"https:\/\/escolapediatria.pt\/curso\/sono-infantil-nas-creches\/\">\n\t\t\t\t\t\t<span class=\"elementor-button-content-wrapper\">\n\t\t\t\t\t\t\t\t\t<span class=\"elementor-button-text\">Saber mais<\/span>\n\t\t\t\t\t<\/span>\n\t\t\t\t\t<\/a>\n\t\t\t\t<\/div>\n\t\t\t\t\t\t\t\t<\/div>\n\t\t\t\t<\/div>\n\t\t\t\t<div class=\"elementor-element elementor-element-73bc646 elementor-widget elementor-widget-heading\" data-id=\"73bc646\" data-element_type=\"widget\" data-e-type=\"widget\" data-widget_type=\"heading.default\">\n\t\t\t\t<div class=\"elementor-widget-container\">\n\t\t\t\t\t<h2 class=\"elementor-heading-title elementor-size-default\">Curso Abordagem Avan\u00e7ada do Sono (Profissionais sa\u00fade)\n<\/h2>\t\t\t\t<\/div>\n\t\t\t\t<\/div>\n\t\t\t\t<\/div>\n\t\t<div class=\"elementor-element elementor-element-853fe84 e-con-full e-flex e-con e-child\" data-id=\"853fe84\" data-element_type=\"container\" data-e-type=\"container\">\n\t\t\t\t<div class=\"elementor-element elementor-element-5881aa3 elementor-widget elementor-widget-image\" data-id=\"5881aa3\" data-element_type=\"widget\" data-e-type=\"widget\" data-widget_type=\"image.default\">\n\t\t\t\t<div class=\"elementor-widget-container\">\n\t\t\t\t\t\t\t\t\t\t\t\t\t\t\t<img decoding=\"async\" width=\"800\" height=\"800\" src=\"https:\/\/rita.absites.pt\/wp-content\/uploads\/2025\/08\/formacao-3-1024x1024.webp\" class=\"attachment-large size-large wp-image-396\" alt=\"\" srcset=\"https:\/\/rita.absites.pt\/wp-content\/uploads\/2025\/08\/formacao-3-1024x1024.webp 1024w, https:\/\/rita.absites.pt\/wp-content\/uploads\/2025\/08\/formacao-3-300x300.webp 300w, https:\/\/rita.absites.pt\/wp-content\/uploads\/2025\/08\/formacao-3-150x150.webp 150w, https:\/\/rita.absites.pt\/wp-content\/uploads\/2025\/08\/formacao-3-768x768.webp 768w, https:\/\/rita.absites.pt\/wp-content\/uploads\/2025\/08\/formacao-3-12x12.webp 12w, https:\/\/rita.absites.pt\/wp-content\/uploads\/2025\/08\/formacao-3-600x600.webp 600w, https:\/\/rita.absites.pt\/wp-content\/uploads\/2025\/08\/formacao-3-100x100.webp 100w, https:\/\/rita.absites.pt\/wp-content\/uploads\/2025\/08\/formacao-3.webp 1080w\" sizes=\"(max-width: 800px) 100vw, 800px\" \/>\t\t\t\t\t\t\t\t\t\t\t\t\t\t\t<\/div>\n\t\t\t\t<\/div>\n\t\t\t\t<div class=\"elementor-element elementor-element-3af593c elementor-align-center elementor-widget elementor-widget-button\" data-id=\"3af593c\" data-element_type=\"widget\" data-e-type=\"widget\" data-widget_type=\"button.default\">\n\t\t\t\t<div class=\"elementor-widget-container\">\n\t\t\t\t\t\t\t\t\t<div class=\"elementor-button-wrapper\">\n\t\t\t\t\t<a class=\"elementor-button elementor-button-link elementor-size-sm\" href=\"https:\/\/sosmama.pt\/produto\/certificacao-em-desmame-respeitador\/\">\n\t\t\t\t\t\t<span class=\"elementor-button-content-wrapper\">\n\t\t\t\t\t\t\t\t\t<span class=\"elementor-button-text\">Saber mais<\/span>\n\t\t\t\t\t<\/span>\n\t\t\t\t\t<\/a>\n\t\t\t\t<\/div>\n\t\t\t\t\t\t\t\t<\/div>\n\t\t\t\t<\/div>\n\t\t\t\t<div class=\"elementor-element elementor-element-b1219da elementor-widget elementor-widget-heading\" data-id=\"b1219da\" data-element_type=\"widget\" data-e-type=\"widget\" data-widget_type=\"heading.default\">\n\t\t\t\t<div class=\"elementor-widget-container\">\n\t\t\t\t\t<h2 class=\"elementor-heading-title elementor-size-default\">Curso Abordagem Avan\u00e7ada do Sono (Profissionais sa\u00fade)\n<\/h2>\t\t\t\t<\/div>\n\t\t\t\t<\/div>\n\t\t\t\t<\/div>\n\t\t\t\t<\/div>\n\t\t\t\t\t<\/div>\n\t\t\t\t<\/div>\n\t\t\t\t<\/div>","protected":false},"excerpt":{"rendered":"<p>Forma\u00e7\u00e3o Certificada Saber mais Curso Abordagem Avan\u00e7ada do Sono (Profissionais sa\u00fade) Saber mais Curso Abordagem Avan\u00e7ada do Sono (Profissionais sa\u00fade) Saber mais Curso Abordagem Avan\u00e7ada do Sono (Profissionais sa\u00fade)<\/p>","protected":false},"author":1,"featured_media":0,"parent":0,"menu_order":0,"comment_status":"closed","ping_status":"closed","template":"elementor_header_footer","meta":{"footnotes":""},"class_list":["post-341","page","type-page","status-publish","hentry"],"_links":{"self":[{"href":"https:\/\/rita.absites.pt\/en\/wp-json\/wp\/v2\/pages\/341","targetHints":{"allow":["GET"]}}],"collection":[{"href":"https:\/\/rita.absites.pt\/en\/wp-json\/wp\/v2\/pages"}],"about":[{"href":"https:\/\/rita.absites.pt\/en\/wp-json\/wp\/v2\/types\/page"}],"author":[{"embeddable":true,"href":"https:\/\/rita.absites.pt\/en\/wp-json\/wp\/v2\/users\/1"}],"replies":[{"embeddable":true,"href":"https:\/\/rita.absites.pt\/en\/wp-json\/wp\/v2\/comments?post=341"}],"version-history":[{"count":4,"href":"https:\/\/rita.absites.pt\/en\/wp-json\/wp\/v2\/pages\/341\/revisions"}],"predecessor-version":[{"id":416,"href":"https:\/\/rita.absites.pt\/en\/wp-json\/wp\/v2\/pages\/341\/revisions\/416"}],"wp:attachment":[{"href":"https:\/\/rita.absites.pt\/en\/wp-json\/wp\/v2\/media?parent=341"}],"curies":[{"name":"wp","href":"https:\/\/api.w.org\/{rel}","templated":true}]}}